{"id":4658,"date":"2022-03-02T10:19:38","date_gmt":"2022-03-02T09:19:38","guid":{"rendered":"https:\/\/demo.creativethemes.com\/blocksy\/home-decor\/?page_id=16"},"modified":"2022-11-15T21:46:25","modified_gmt":"2022-11-15T20:46:25","slug":"contact","status":"publish","type":"page","link":"http:\/\/www.lovera.be\/index.php\/contact\/","title":{"rendered":"Contact"},"content":{"rendered":"\n<div class=\"wp-block-stackable-columns alignfull stk-block-columns stk-block stk-dc595a3 stk-block-background\" data-block-id=\"dc595a3\"><style>.stk-dc595a3{background-color:var(--paletteColor5,#EEEEEE) !important}.stk-dc595a3:before{background-color:var(--paletteColor5,#EEEEEE) !important}.stk-dc595a3{padding-top:120px !important;padding-bottom:120px !important;margin-bottom:0px !important}@media screen and (max-width:1023px){.stk-dc595a3{padding-top:80px !important;padding-bottom:80px !important}}<\/style><div class=\"stk-row stk-inner-blocks stk-block-content stk-content-align stk-dc595a3-column\">\n<div class=\"wp-block-stackable-column stk-block-column stk-block-column--v2 stk-column stk-block stk-29e92bc\" data-block-id=\"29e92bc\"><style>.stk-29e92bc-container{margin-top:0px !important;margin-right:0px !important;margin-bottom:0px !important;margin-left:0px !important}<\/style><div class=\"stk-column-wrapper stk-block-column__content stk-container stk-29e92bc-container stk--no-background stk--no-padding\"><div class=\"stk-block-content stk-inner-blocks stk-29e92bc-inner-blocks\">\n<div class=\"wp-block-stackable-heading stk-block-heading stk-block stk-2d08bbf\" id=\"contact\" data-block-id=\"2d08bbf\"><style>.stk-2d08bbf .stk-block-heading__text{font-size:80px !important;margin:0 !important}@media screen and (max-width:1023px){.stk-2d08bbf .stk-block-heading__text{font-size:45px !important}}@media screen and (max-width:767px){.stk-2d08bbf .stk-block-heading__text{font-size:35px !important}}<\/style><h2 class=\"stk-block-heading__text has-text-align-center\">Contact<\/h2><\/div>\n<\/div><\/div><\/div>\n<\/div><\/div>\n\n\n\n<div class=\"wp-block-stackable-spacer stk-block-spacer stk--no-padding stk-block stk-b1d8289\" data-block-id=\"b1d8289\"><style>.stk-b1d8289{height:120px !important}@media screen and (max-width:1023px){.stk-b1d8289{height:80px !important}}<\/style><\/div>\n\n\n\n<div class=\"wp-block-stackable-columns stk-block-columns stk-block stk-2612e55\" data-block-id=\"2612e55\"><style>.stk-2612e55{margin-bottom:0px !important}.stk-2612e55-column{--stk-column-gap:50px !important;row-gap:50px !important}<\/style><div class=\"stk-row stk-inner-blocks stk-block-content stk-content-align stk-2612e55-column\">\n<div class=\"wp-block-stackable-column stk-block-column stk-block-column--v2 stk-column stk-block stk-31e0f7a\" data-block-id=\"31e0f7a\"><style>@media screen and (min-width:768px){.stk-31e0f7a{flex:1 1 calc(50.9% - var(--stk-column-gap,0px) * 1 \/ 2 ) !important}}.stk-31e0f7a-container{padding-top:60px !important;padding-left:60px !important}.stk-31e0f7a-container{margin-top:0px !important;margin-right:0px !important;margin-bottom:0px !important;margin-left:0px !important}<\/style><div class=\"stk-column-wrapper stk-block-column__content stk-container stk-31e0f7a-container stk--no-background stk--no-padding\"><div class=\"stk-block-content stk-inner-blocks stk-31e0f7a-inner-blocks\">\n<div class=\"wp-block-stackable-columns stk-block-columns stk-block stk-70d231e\" data-block-id=\"70d231e\"><style>.stk-70d231e-column{--stk-column-gap:10px !important;row-gap:20px !important}<\/style><div class=\"stk-row stk-inner-blocks stk-block-content stk-content-align stk-70d231e-column\">\n<div class=\"wp-block-stackable-column stk-block-column stk-block-column--v2 stk-column stk-block stk-869bd2e\" data-block-id=\"869bd2e\"><style>@media screen and (min-width:768px){.stk-869bd2e{flex:1 1 calc(15% - var(--stk-column-gap,0px) * 1 \/ 2 ) !important}}@media screen and (min-width:768px) and (max-width:1023px){.stk-869bd2e{flex:0 1 calc(100% - var(--stk-column-gap,0px) * 0 \/ 1 ) !important}}.stk-869bd2e-container{margin-top:0px !important;margin-right:0px !important;margin-bottom:0px !important;margin-left:0px !important}<\/style><div class=\"stk-column-wrapper stk-block-column__content stk-container stk-869bd2e-container stk--no-background stk--no-padding\"><div class=\"stk-block-content stk-inner-blocks stk-869bd2e-inner-blocks\">\n<div class=\"wp-block-stackable-icon stk-block-icon has-text-align-center-tablet stk-block stk-b946814\" data-block-id=\"b946814\"><style>.stk-b946814 .stk--svg-wrapper .stk--inner-svg svg:last-child{height:30px !important;width:30px !important}.stk-b946814 .stk--svg-wrapper .stk--inner-svg svg:last-child,.stk-b946814 .stk--svg-wrapper .stk--inner-svg svg:last-child :is(g,path,rect,polygon,ellipse){fill:var(--paletteColor4,#0E0D12) !important}<\/style><span class=\"stk--svg-wrapper\"><div class=\"stk--inner-svg\"><svg style=\"height:0;width:0\"><defs><linearGradient id=\"linear-gradient-b946814\" x1=\"0\" x2=\"100%\" y1=\"0\" y2=\"0\"><stop offset=\"0%\" style=\"stop-opacity:1;stop-color:var(--linear-gradient-b-946814-color-1)\"><\/stop><stop offset=\"100%\" style=\"stop-opacity:1;stop-color:var(--linear-gradient-b-946814-color-2)\"><\/stop><\/linearGradient><\/defs><\/svg><svg class=\"ugb-custom-icon\" xmlns=\"http:\/\/www.w3.org\/2000\/svg\" viewBox=\"0 0 35 35\" style=\"enable-background:new 0 0 35 35\" xml:space=\"preserve\" aria-hidden=\"true\" width=\"32\" height=\"32\"><path d=\"M35 11.4V5.6c0-.8-.7-1.5-1.5-1.5h-32C.7 4.1 0 4.7 0 5.6v23.8c0 .8.7 1.5 1.5 1.5h31.9c.8 0 1.5-.7 1.5-1.5V11.6c.1-.1.1-.1.1-.2zm-3.1-4.3v3.5l-14.5 9.1-14.3-9V7.1h28.8zM3.1 27.9V14.3l13.6 8.6c.3.2.5.2.8.2.3 0 .6-.1.8-.2l13.6-8.6v13.6H3.1z\"><\/path><\/svg><\/div><\/span><\/div>\n<\/div><\/div><\/div>\n\n\n\n<div class=\"wp-block-stackable-column stk-block-column stk-block-column--v2 stk-column stk-block stk-416bdaa\" data-block-id=\"416bdaa\"><style>@media screen and (min-width:768px){.stk-416bdaa{flex:1 1 calc(85% - var(--stk-column-gap,0px) * 1 \/ 2 ) !important}}@media screen and (min-width:768px) and (max-width:1023px){.stk-416bdaa{flex:0 1 calc(100% - var(--stk-column-gap,0px) * 0 \/ 1 ) !important}}.stk-416bdaa-container{margin-top:0px !important;margin-right:0px !important;margin-bottom:0px !important;margin-left:0px !important}<\/style><div class=\"stk-column-wrapper stk-block-column__content stk-container stk-416bdaa-container stk--no-background stk--no-padding\"><div class=\"stk-block-content stk-inner-blocks stk-416bdaa-inner-blocks\">\n<div class=\"wp-block-stackable-heading stk-block-heading stk-block stk-aef0a16\" id=\"email-address\" data-block-id=\"aef0a16\"><style>.stk-aef0a16{margin-bottom:10px !important}<\/style><h4 class=\"stk-block-heading__text has-text-align-center-tablet\">Email Address<\/h4><\/div>\n\n\n\n<div class=\"wp-block-stackable-text stk-block-text stk-block stk-f0d0fa1\" data-block-id=\"f0d0fa1\"><p class=\"stk-block-text__text has-text-align-center-tablet\">jo@lovera.be<\/p><\/div>\n<\/div><\/div><\/div>\n<\/div><\/div>\n<\/div><\/div><\/div>\n\n\n\n<div class=\"wp-block-stackable-column stk-block-column stk-block-column--v2 stk-column stk-block stk-e3b4582\" data-block-id=\"e3b4582\"><style>@media screen and (min-width:768px){.stk-e3b4582{flex:1 1 calc(49.1% - var(--stk-column-gap,0px) * 1 \/ 2 ) !important}}.stk-e3b4582-container{margin-top:0px !important;margin-right:0px !important;margin-bottom:0px !important;margin-left:0px !important}<\/style><div class=\"stk-column-wrapper stk-block-column__content stk-container stk-e3b4582-container stk--no-background stk--no-padding\"><div class=\"stk-block-content stk-inner-blocks stk-e3b4582-inner-blocks\">\n<div class=\"wp-block-stackable-columns stk-block-columns stk-block stk-8ff36da\" data-block-id=\"8ff36da\"><style>.stk-8ff36da-column{--stk-column-gap:10px !important;row-gap:20px !important}<\/style><div class=\"stk-row stk-inner-blocks stk-block-content stk-content-align stk-8ff36da-column\">\n<div class=\"wp-block-stackable-column stk-block-column stk-block-column--v2 stk-column stk-block stk-3e9f24a\" data-block-id=\"3e9f24a\"><style>@media screen and (min-width:768px) and (max-width:1023px){.stk-3e9f24a{flex:0 1 calc(100% - var(--stk-column-gap,0px) * 0 \/ 1 ) !important}}.stk-3e9f24a-container{margin-top:0px !important;margin-right:0px !important;margin-bottom:0px !important;margin-left:0px !important}<\/style><div class=\"stk-column-wrapper stk-block-column__content stk-container stk-3e9f24a-container stk--no-background stk--no-padding\"><div class=\"stk-block-content stk-inner-blocks stk-3e9f24a-inner-blocks\">\n<div class=\"wp-block-stackable-map stk-block-map stk-block stk-b869045\" data-block-id=\"b869045\"><iframe\n\t\t\t\t\t\ttitle=\"Contenu embarqu\u00e9 de la plateforme Google Map.\"\n\t\t\t\t\t\tsrc=\"https:\/\/maps.google.com\/maps?q=Mons&#038;t=&#038;z=12&#038;ie=UTF8&#038;output=embed\"\n\t\t\t\t\t\tstyle=\"border:0;width:100%;max-width:none;max-height:none;height:100%;\"\n\t\t\t\t\t\taria-hidden=\"false\"\n\t\t\t\t\t\ttabIndex=\"0\"\n\t\t\t\t\t\tallowfullscreen\n\t\t\t\t\t\tloading=\"lazy\"\n\t\t\t\t\t\tframeBorder=\"0\"\n\t\t\t\t\t><\/iframe><\/div>\n<\/div><\/div><\/div>\n<\/div><\/div>\n<\/div><\/div><\/div>\n<\/div><\/div>\n\n\n\n<div class=\"wp-block-stackable-spacer stk-block-spacer stk--no-padding stk-block stk-3cea281\" data-block-id=\"3cea281\"><style>.stk-3cea281{height:120px !important}@media screen and (max-width:1023px){.stk-3cea281{height:80px !important}}<\/style><\/div>\n\n\n\n<div class=\"wp-block-stackable-columns alignfull stk-block-columns stk-block stk-a5573ef\" data-block-id=\"a5573ef\"><style>.stk-a5573ef{margin-bottom:0px !important}.stk-a5573ef-column{--stk-column-gap:90px !important;row-gap:50px !important}<\/style><div class=\"stk-row stk-inner-blocks stk-block-content stk-content-align stk-a5573ef-column alignfull\">\n<div class=\"wp-block-stackable-column stk-block-column stk-block-column--v2 stk-column stk-block stk-0c28a5f\" data-block-id=\"0c28a5f\"><style>@media screen and (min-width:768px) and (max-width:1023px){.stk-0c28a5f{flex:0 1 calc(100% - var(--stk-column-gap,0px) * 0 \/ 1 ) !important}}.stk-0c28a5f-container{background-image:url(http:\/\/kxrblzj.cluster031.hosting.ovh.net\/wp-content\/uploads\/2022\/04\/131122_05-1.jpg) !important;background-position:center center !important}.stk-0c28a5f-container{margin-top:0px !important;margin-right:0px !important;margin-bottom:0px !important;margin-left:0px !important}<\/style><div class=\"stk-column-wrapper stk-block-column__content stk-container stk-0c28a5f-container stk-hover-parent stk--has-background-overlay\"><div class=\"stk-block-content stk-inner-blocks stk-0c28a5f-inner-blocks\"><\/div><\/div><\/div>\n\n\n\n<div class=\"wp-block-stackable-column stk-block-column stk-block-column--v2 stk-column stk-block stk-8a788b8\" data-block-id=\"8a788b8\"><style>.stk-8a788b8{align-self:center !important}.stk-8a788b8{padding-right:50px !important}@media screen and (max-width:1023px){.stk-8a788b8{padding-top:30px !important;padding-right:30px !important;padding-bottom:30px !important;padding-left:30px !important}}@media screen and (min-width:768px) and (max-width:1023px){.stk-8a788b8{flex:0 1 calc(100% - var(--stk-column-gap,0px) * 0 \/ 1 ) !important}}.stk-8a788b8-container{max-width:600px !important;min-width:auto !important}@media screen and (max-width:1023px){.stk-8a788b8-container{max-width:100% !important;min-width:auto !important}}.stk-8a788b8-container{margin-top:0px !important;margin-right:0px !important;margin-bottom:0px !important;margin-left:0px !important}<\/style><div class=\"stk-column-wrapper stk-block-column__content stk-container stk-8a788b8-container stk--no-background stk--no-padding\"><div class=\"stk-block-content stk-inner-blocks stk-8a788b8-inner-blocks\">\n<div class=\"wp-block-stackable-heading stk-block-heading stk-block stk-d4059a3\" id=\"envoyez-moi-un-message\" data-block-id=\"d4059a3\"><style>.stk-d4059a3 .stk-block-heading__text{margin:0 !important}@media screen and (max-width:1023px){.stk-d4059a3 .stk-block-heading__text{font-size:30px !important}}<\/style><h2 class=\"stk-block-heading__text has-text-align-center-mobile\">Envoyez-moi un message !<\/h2><\/div>\n\n\n\n<div class=\"wp-block-stackable-text stk-block-text stk-block stk-b3c897d\" data-block-id=\"b3c897d\"><style>.stk-b3c897d{margin-bottom:20px !important}<\/style><p class=\"stk-block-text__text has-text-align-center-mobile\">Une question ? Un projet \u00e0 proposer ? N&rsquo;h\u00e9sitez pas \u00e0 me contacter.<\/p><\/div>\n\n\n<div class=\"wpforms-container \" id=\"wpforms-188\"><form id=\"wpforms-form-188\" class=\"wpforms-validate wpforms-form wpforms-ajax-form\" data-formid=\"188\" method=\"post\" enctype=\"multipart\/form-data\" action=\"\/index.php\/wp-json\/wp\/v2\/pages\/4658\" data-token=\"b99610b8b9008ee2c6ba56689d9eba22\"><noscript class=\"wpforms-error-noscript\">Veuillez activer JavaScript dans votre navigateur pour remplir ce formulaire.<\/noscript><div class=\"wpforms-field-container\"><div id=\"wpforms-188-field_6-container\" class=\"wpforms-field wpforms-field-name\" data-field-id=\"6\"><label class=\"wpforms-field-label wpforms-label-hide\" for=\"wpforms-188-field_6\">Pr\u00e9nom \/ Nom <span class=\"wpforms-required-label\">*<\/span><\/label><div class=\"wpforms-field-row wpforms-field-large\"><div class=\"wpforms-field-row-block wpforms-first wpforms-one-half\"><input type=\"text\" id=\"wpforms-188-field_6\" class=\"wpforms-field-name-first wpforms-field-required\" name=\"wpforms[fields][6][first]\" placeholder=\"Pr\u00e9nom *\" required><label for=\"wpforms-188-field_6\" class=\"wpforms-field-sublabel after wpforms-sublabel-hide\">Pr\u00e9nom<\/label><\/div><div class=\"wpforms-field-row-block wpforms-one-half\"><input type=\"text\" id=\"wpforms-188-field_6-last\" class=\"wpforms-field-name-last wpforms-field-required\" name=\"wpforms[fields][6][last]\" placeholder=\"Nom *\" required><label for=\"wpforms-188-field_6-last\" class=\"wpforms-field-sublabel after wpforms-sublabel-hide\">Nom<\/label><\/div><\/div><\/div><div id=\"wpforms-188-field_1-container\" class=\"wpforms-field wpforms-field-email wpforms-one-half wpforms-first\" data-field-id=\"1\"><label class=\"wpforms-field-label wpforms-label-hide\" for=\"wpforms-188-field_1\">Email <span class=\"wpforms-required-label\">*<\/span><\/label><input type=\"email\" id=\"wpforms-188-field_1\" class=\"wpforms-field-large wpforms-field-required\" name=\"wpforms[fields][1]\" placeholder=\"Email *\" required><\/div><div id=\"wpforms-188-field_4-container\" class=\"wpforms-field wpforms-field-text wpforms-one-half\" data-field-id=\"4\"><label class=\"wpforms-field-label wpforms-label-hide\" for=\"wpforms-188-field_4\">Num\u00e9ro de t\u00e9l\u00e9phone<\/label><input type=\"text\" id=\"wpforms-188-field_4\" class=\"wpforms-field-large\" name=\"wpforms[fields][4]\" placeholder=\"Num\u00e9ro de t\u00e9l\u00e9phone\" ><\/div><div id=\"wpforms-188-field_7-container\" class=\"wpforms-field wpforms-field-text wpforms-first\" data-field-id=\"7\"><label class=\"wpforms-field-label wpforms-label-hide\" for=\"wpforms-188-field_7\">Sujet <span class=\"wpforms-required-label\">*<\/span><\/label><input type=\"text\" id=\"wpforms-188-field_7\" class=\"wpforms-field-large wpforms-field-required\" name=\"wpforms[fields][7]\" placeholder=\"Sujet *\" required><\/div><div id=\"wpforms-188-field_2-container\" class=\"wpforms-field wpforms-field-textarea\" data-field-id=\"2\"><label class=\"wpforms-field-label wpforms-label-hide\" for=\"wpforms-188-field_2\">Message <span class=\"wpforms-required-label\">*<\/span><\/label><textarea id=\"wpforms-188-field_2\" class=\"wpforms-field-large wpforms-field-required\" name=\"wpforms[fields][2]\" placeholder=\"Message *\" required><\/textarea><\/div><\/div><div class=\"wpforms-submit-container\"><input type=\"hidden\" name=\"wpforms[id]\" value=\"188\"><input type=\"hidden\" name=\"wpforms[author]\" value=\"1\"><button type=\"submit\" name=\"wpforms[submit]\" id=\"wpforms-submit-188\" class=\"wpforms-submit\" data-alt-text=\"Sending...\" data-submit-text=\"Envoyer\" aria-live=\"assertive\" value=\"wpforms-submit\">Envoyer<\/button><img loading=\"lazy\" decoding=\"async\" src=\"http:\/\/www.lovera.be\/wp-content\/plugins\/wpforms-lite\/assets\/images\/submit-spin.svg\" class=\"wpforms-submit-spinner\" style=\"display: none;\" width=\"26\" height=\"26\" alt=\"Chargement en cours\"><\/div><\/form><\/div>  <!-- .wpforms-container --><\/div><\/div><\/div>\n<\/div><\/div>\n\n\n\n<div class=\"wp-block-stackable-spacer stk-block-spacer stk--no-padding stk-block stk-1a00420\" data-block-id=\"1a00420\"><style>.stk-1a00420{height:120px !important}@media screen and (max-width:1023px){.stk-1a00420{height:80px !important}}<\/style><\/div>\n","protected":false},"excerpt":{"rendered":"<p>Contact Email Address jo@lovera.be Envoyez-moi un message ! Une question ? Un projet \u00e0 proposer ? N&rsquo;h\u00e9sitez pas \u00e0 me contacter.<\/p>\n","protected":false},"author":1,"featured_media":0,"parent":0,"menu_order":0,"comment_status":"closed","ping_status":"closed","template":"","meta":{"footnotes":""},"class_list":["post-4658","page","type-page","status-publish","hentry"],"blocksy_meta":{"styles_descriptor":{"styles":{"desktop":"","tablet":"","mobile":""},"google_fonts":[],"version":5},"page_title_panel":"","has_hero_section":"disabled","d5ce97166dfcc148f432103460ad2830":"","hero_section":"type-1","hero_elements":[{"id":"custom_title","enabled":true,"heading_tag":"h1","title":"Home"},{"id":"custom_description","enabled":true,"description_visibility":{"desktop":true,"tablet":true,"mobile":false}},{"id":"custom_meta","enabled":false,"meta_elements":[{"id":"author","enabled":true,"label":"By","has_author_avatar":"yes","avatar_size":25},{"id":"post_date","enabled":true,"label":"On","date_format_source":"default","date_format":"M j, Y"},{"id":"updated_date","enabled":false,"label":"On","date_format_source":"default","date_format":"M j, Y"},{"id":"categories","enabled":false,"label":"In","style":"simple"},{"id":"comments","enabled":true}],"page_meta_elements":{"joined":true,"articles_count":true,"comments":true}},{"id":"breadcrumbs","enabled":false}],"0a72795b762058278ce0bb8031de917f":"","hero_alignment1":"CT_CSS_SKIP_RULE","hero_margin":40,"hero_alignment2":"center","hero_vertical_alignment":"center","2c77e2f656815d7db0595495c21f9add":"","hero_structure":"narrow","d2495581d2010208866e5d733b5a9c6b":"","page_title_bg_type":"featured_image","custom_hero_background":{"attachment_id":null},"page_title_image_size":"full","parallax":{"desktop":false,"tablet":false,"mobile":false},"e6e932bad9d69e24873a5fee83890ffc":"","hero_height":"250px","pageTitleFont":{"family":"Default","variation":"Default","size":"30px","line-height":"CT_CSS_SKIP_RULE","letter-spacing":"CT_CSS_SKIP_RULE","text-transform":"CT_CSS_SKIP_RULE","text-decoration":"CT_CSS_SKIP_RULE"},"pageTitleFontColor":{"default":{"color":"CT_CSS_SKIP_RULEDEFAULT"}},"pageMetaFont":{"family":"Default","variation":"n6","size":"12px","line-height":"1.3","letter-spacing":"CT_CSS_SKIP_RULE","text-transform":"uppercase","text-decoration":"CT_CSS_SKIP_RULE"},"pageMetaFontColor":{"default":{"color":"CT_CSS_SKIP_RULEDEFAULT"},"hover":{"color":"CT_CSS_SKIP_RULEDEFAULT"}},"page_meta_button_type_font_colors":{"default":{"color":"CT_CSS_SKIP_RULEDEFAULT"},"hover":{"color":"CT_CSS_SKIP_RULEDEFAULT"}},"page_meta_button_type_background_colors":{"default":{"color":"CT_CSS_SKIP_RULEDEFAULT"},"hover":{"color":"CT_CSS_SKIP_RULEDEFAULT"}},"pageExcerptFont":{"family":"Default","variation":"Default","size":"CT_CSS_SKIP_RULE","line-height":"CT_CSS_SKIP_RULE","letter-spacing":"CT_CSS_SKIP_RULE","text-transform":"CT_CSS_SKIP_RULE","text-decoration":"CT_CSS_SKIP_RULE"},"pageExcerptColor":{"default":{"color":"CT_CSS_SKIP_RULEDEFAULT"}},"breadcrumbsFont":{"family":"Default","variation":"Default","size":"CT_CSS_SKIP_RULE","line-height":"CT_CSS_SKIP_RULE","letter-spacing":"CT_CSS_SKIP_RULE","text-transform":"CT_CSS_SKIP_RULE","text-decoration":"CT_CSS_SKIP_RULE"},"breadcrumbsFontColor":{"default":{"color":"CT_CSS_SKIP_RULEDEFAULT"},"initial":{"color":"CT_CSS_SKIP_RULEDEFAULT"},"hover":{"color":"CT_CSS_SKIP_RULEDEFAULT"}},"pageTitleOverlay":{"background_type":"color","background_pattern":"type-1","background_image":{"attachment_id":null,"x":0,"y":0},"gradient":"linear-gradient(135deg,rgba(6,147,227,1) 0%,rgb(155,81,224) 100%)","background_repeat":"repeat","background_size":"auto","background_attachment":"scroll","patternColor":{"default":{"color":"#e5e7ea"}},"overlayColor":{"default":{"color":"CT_CSS_SKIP_RULE"}},"backgroundColor":{"default":{"color":"CT_CSS_SKIP_RULE"}}},"pageTitleBackground":{"background_type":"color","background_pattern":"type-1","background_image":{"attachment_id":null,"x":0,"y":0},"gradient":"linear-gradient(135deg,rgba(6,147,227,1) 0%,rgb(155,81,224) 100%)","background_repeat":"repeat","background_size":"auto","background_attachment":"scroll","patternColor":{"default":{"color":"#e5e7ea"}},"overlayColor":{"default":{"color":"CT_CSS_SKIP_RULE"}},"backgroundColor":{"default":{"color":"var(--paletteColor6)"}}},"pageTitlePadding":{"top":"50px","bottom":"50px","left":"auto","right":"auto","linked":true},"26beb450bae3d6baad82e14672db506a":"","page_structure_type":"default","371b6c735854cb61478db497495e9dec":"","content_style_source":"inherit","content_style":"wide","vertical_spacing_source":"custom","content_area_spacing":"none","background":{"background_type":"color","background_pattern":"type-1","background_image":{"attachment_id":null,"x":0,"y":0},"gradient":"linear-gradient(135deg,rgba(6,147,227,1) 0%,rgb(155,81,224) 100%)","background_repeat":"repeat","background_size":"auto","background_attachment":"scroll","patternColor":{"default":{"color":"#e5e7ea"}},"overlayColor":{"default":{"color":"CT_CSS_SKIP_RULE"}},"backgroundColor":{"default":{"color":"CT_CSS_SKIP_RULE"}}},"content_background":{"background_type":"color","background_pattern":"type-1","background_image":{"attachment_id":null,"x":0,"y":0},"gradient":"linear-gradient(135deg,rgba(6,147,227,1) 0%,rgb(155,81,224) 100%)","background_repeat":"repeat","background_size":"auto","background_attachment":"scroll","patternColor":{"default":{"color":"#e5e7ea"}},"overlayColor":{"default":{"color":"CT_CSS_SKIP_RULE"}},"backgroundColor":{"default":{"color":"var(--paletteColor8)"}}},"content_boxed_shadow":{"inherit":false,"blur":18,"spread":-6,"v_offset":12,"h_offset":0,"inset":false,"enable":true,"color":{"color":"rgba(34, 56, 101, 0.04)"}},"boxed_content_spacing":{"desktop":{"top":"40px","bottom":"40px","left":"40px","right":"40px","linked":true},"tablet":{"top":"35px","bottom":"35px","left":"35px","right":"35px","linked":true},"mobile":{"top":"20px","bottom":"20px","left":"20px","right":"20px","linked":true}},"content_boxed_radius":{"top":"3px","bottom":"3px","left":"3px","right":"3px","linked":true},"4fd5cadd7fc8fdea9b72b48a1dd0acb7":"","disable_featured_image":"no","disable_share_box":"no","disable_header":"no","disable_footer":"no"},"featured_image_urls":{"full":"","thumbnail":"","medium":"","medium_large":"","large":"","1536x1536":"","2048x2048":""},"post_excerpt_stackable":"<p>Contact Email Address jo@lovera.be Envoyez-moi un message ! Une question ? Un projet \u00e0 proposer ? N&rsquo;h\u00e9sitez pas \u00e0 me contacter. Veuillez activer JavaScript dans votre navigateur pour remplir ce formulaire.Pr\u00e9nom \/ Nom *Pr\u00e9nomNomEmail *Num\u00e9ro de t\u00e9l\u00e9phoneSujet *Message *Envoyer<\/p>\n","category_list":"","author_info":{"name":"admin6944","url":"http:\/\/www.lovera.be\/index.php\/author\/admin6944\/"},"comments_num":"0 commentaire","_links":{"self":[{"href":"http:\/\/www.lovera.be\/index.php\/wp-json\/wp\/v2\/pages\/4658","targetHints":{"allow":["GET"]}}],"collection":[{"href":"http:\/\/www.lovera.be\/index.php\/wp-json\/wp\/v2\/pages"}],"about":[{"href":"http:\/\/www.lovera.be\/index.php\/wp-json\/wp\/v2\/types\/page"}],"author":[{"embeddable":true,"href":"http:\/\/www.lovera.be\/index.php\/wp-json\/wp\/v2\/users\/1"}],"replies":[{"embeddable":true,"href":"http:\/\/www.lovera.be\/index.php\/wp-json\/wp\/v2\/comments?post=4658"}],"version-history":[{"count":6,"href":"http:\/\/www.lovera.be\/index.php\/wp-json\/wp\/v2\/pages\/4658\/revisions"}],"predecessor-version":[{"id":4924,"href":"http:\/\/www.lovera.be\/index.php\/wp-json\/wp\/v2\/pages\/4658\/revisions\/4924"}],"wp:attachment":[{"href":"http:\/\/www.lovera.be\/index.php\/wp-json\/wp\/v2\/media?parent=4658"}],"curies":[{"name":"wp","href":"https:\/\/api.w.org\/{rel}","templated":true}]}}