{"id":4656,"date":"2022-03-02T10:19:21","date_gmt":"2022-03-02T09:19:21","guid":{"rendered":"https:\/\/demo.creativethemes.com\/blocksy\/home-decor\/?page_id=12"},"modified":"2022-11-16T16:52:19","modified_gmt":"2022-11-16T15:52:19","slug":"biographie","status":"publish","type":"page","link":"http:\/\/www.lovera.be\/index.php\/biographie\/","title":{"rendered":"Biographie"},"content":{"rendered":"\n<div class=\"wp-block-stackable-columns alignfull stk-block-columns stk-block stk-dc595a3 stk-block-background\" data-block-id=\"dc595a3\"><style>.stk-dc595a3{background-color:var(--paletteColor5,#EEEEEE) !important}.stk-dc595a3:before{background-color:var(--paletteColor5,#EEEEEE) !important}.stk-dc595a3{padding-top:120px !important;padding-bottom:120px !important;margin-bottom:0px !important}@media screen and (max-width:1023px){.stk-dc595a3{padding-top:80px !important;padding-bottom:80px !important}}<\/style><div class=\"stk-row stk-inner-blocks stk-block-content stk-content-align stk-dc595a3-column\">\n<div class=\"wp-block-stackable-column stk-block-column stk-block-column--v2 stk-column stk-block stk-29e92bc\" data-block-id=\"29e92bc\"><style>.stk-29e92bc-container{margin-top:0px !important;margin-right:0px !important;margin-bottom:0px !important;margin-left:0px !important}<\/style><div class=\"stk-column-wrapper stk-block-column__content stk-container stk-29e92bc-container stk--no-background stk--no-padding\"><div class=\"stk-block-content stk-inner-blocks stk-29e92bc-inner-blocks\">\n<div class=\"wp-block-stackable-heading stk-block-heading stk-block stk-2d08bbf\" id=\"biographie\" data-block-id=\"2d08bbf\"><style>.stk-2d08bbf .stk-block-heading__text{font-size:80px !important;margin:0 !important}@media screen and (max-width:1023px){.stk-2d08bbf .stk-block-heading__text{font-size:45px !important}}@media screen and (max-width:767px){.stk-2d08bbf .stk-block-heading__text{font-size:35px !important}}<\/style><h2 class=\"stk-block-heading__text has-text-align-center\">Biographie<\/h2><\/div>\n<\/div><\/div><\/div>\n<\/div><\/div>\n\n\n\n<div class=\"wp-block-stackable-spacer stk-block-spacer stk--no-padding stk-block stk-938bbb3\" data-block-id=\"938bbb3\"><style>.stk-938bbb3{height:120px !important}@media screen and (max-width:1023px){.stk-938bbb3{height:80px !important}}<\/style><\/div>\n\n\n\n<div class=\"wp-block-stackable-columns stk-block-columns stk-block stk-a25dc6b\" data-block-id=\"a25dc6b\"><style>.stk-a25dc6b{margin-bottom:0px !important}.stk-a25dc6b-column{--stk-column-gap:100px !important;row-gap:50px !important}<\/style><div class=\"stk-row stk-inner-blocks stk-block-content stk-content-align stk-a25dc6b-column\">\n<div class=\"wp-block-stackable-column stk-block-column stk-block-column--v2 stk-column stk-block stk-637db20\" data-block-id=\"637db20\"><style>@media screen and (min-width:768px){.stk-637db20{flex:1 1 calc(53% - var(--stk-column-gap,0px) * 1 \/ 2 ) !important}}@media screen and (min-width:768px) and (max-width:1023px){.stk-637db20{flex:0 1 calc(100% - var(--stk-column-gap,0px) * 0 \/ 1 ) !important}}.stk-637db20-container{margin-top:0px !important;margin-right:0px !important;margin-bottom:0px !important;margin-left:0px !important}<\/style><div class=\"stk-column-wrapper stk-block-column__content stk-container stk-637db20-container stk--no-background stk--no-padding\"><div class=\"stk-block-content stk-inner-blocks stk-637db20-inner-blocks\">\n<div class=\"wp-block-stackable-image stk-block-image stk-block stk-f0f863f\" data-block-id=\"f0f863f\"><style>@media screen and (max-width:1023px){.stk-f0f863f .stk-img-wrapper img{object-position:49% 1% !important}}@media screen and (max-width:1023px){.stk-f0f863f .stk-img-wrapper{height:600px !important}}@media screen and (max-width:767px){.stk-f0f863f .stk-img-wrapper{height:500px !important}}<\/style><figure class=\"stk-img-wrapper stk-image--shape-stretch\"><img loading=\"lazy\" decoding=\"async\" class=\"stk-img wp-image-4747\" src=\"http:\/\/kxrblzj.cluster031.hosting.ovh.net\/wp-content\/uploads\/2022\/04\/121122_03.jpg\" width=\"908\" height=\"1218\" srcset=\"http:\/\/www.lovera.be\/wp-content\/uploads\/2022\/04\/121122_03.jpg 908w, http:\/\/www.lovera.be\/wp-content\/uploads\/2022\/04\/121122_03-224x300.jpg 224w, http:\/\/www.lovera.be\/wp-content\/uploads\/2022\/04\/121122_03-763x1024.jpg 763w, http:\/\/www.lovera.be\/wp-content\/uploads\/2022\/04\/121122_03-768x1030.jpg 768w\" sizes=\"auto, (max-width: 908px) 100vw, 908px\" \/><\/figure><\/div>\n<\/div><\/div><\/div>\n\n\n\n<div class=\"wp-block-stackable-column stk-block-column stk-block-column--v2 stk-column stk-block stk-2039561\" data-block-id=\"2039561\"><style>.stk-2039561{align-self:center !important}@media screen and (min-width:768px){.stk-2039561{flex:1 1 calc(47% - var(--stk-column-gap,0px) * 1 \/ 2 ) !important}}@media screen and (min-width:768px) and (max-width:1023px){.stk-2039561{flex:0 1 calc(100% - var(--stk-column-gap,0px) * 0 \/ 1 ) !important}}.stk-2039561-container{margin-top:0px !important;margin-right:0px !important;margin-bottom:0px !important;margin-left:0px !important}<\/style><div class=\"stk-column-wrapper stk-block-column__content stk-container stk-2039561-container stk--no-background stk--no-padding\"><div class=\"stk-block-content stk-inner-blocks stk-2039561-inner-blocks\">\n<div class=\"wp-block-stackable-heading stk-block-heading stk-block stk-b61712c\" id=\"lovera\" data-block-id=\"b61712c\"><style>.stk-b61712c{margin-bottom:20px !important}.stk-b61712c .stk-block-heading__text{font-size:40px !important;margin:0 !important}@media screen and (max-width:1023px){.stk-b61712c .stk-block-heading__text{font-size:30px !important}}<\/style><h2 class=\"stk-block-heading__text has-text-align-center-mobile\">LOVERA<\/h2><\/div>\n\n\n\n<p><strong>Derri\u00e8re LOVERA, il y a Johanne Lovera, une Montoise \u00e9clectique, autodidacte et touche-\u00e0-tout. C\u2019est dans les marges de ses cahiers d\u2019\u00e9coli\u00e8re que son parcours artistique d\u00e9marre, on y retrouve d\u00e9j\u00e0 son go\u00fbt des cr\u00e9atures \u00e9tranges et na\u00efves.<\/strong><\/p>\n\n\n\n<p>Tout d\u2019abord active dans le milieu musical, ce n\u2019est que tardivement que le dessin et la peinture s\u2019imposeront \u00e0 elle.<\/p>\n\n\n\n<p>Le dessin est pour l\u2019artiste un moyen de se recentrer sur le moment pr\u00e9sent, de gu\u00e9rir ses blessures. Sans savoir o\u00f9 la plume l\u2019emm\u00e8nera, la dessinatrice voyage au gr\u00e9 des lignes, des courbes et des formes qui se dessinent sur le papier. Les personnages apparaissent comme par magie.. tout se cr\u00e9e \u00e0 l\u2019instinct, rien n\u2019est pr\u00e9par\u00e9.&nbsp;<\/p>\n\n\n\n<p>En 2019, elle s\u2019ouvre \u00e0 la couleur m\u00eame si l\u2019encre de chine reste un \u00e9l\u00e9ment fort de son travail. La particularit\u00e9 de la plupart de ses \u0153uvres r\u00e9side dans le fait de pouvoir les accrocher dans n\u2019importe quel sens. Chaque sens de lecture permet une autre exploration du dessin.&nbsp;<\/p>\n\n\n\n<p>En 2021, elle int\u00e8gre le premier Rhiz(h)ome de Mons, atelier partag\u00e9 avec 6 autres artistes.<\/p>\n<\/div><\/div><\/div>\n<\/div><\/div>\n\n\n\n<div class=\"wp-block-stackable-spacer stk-block-spacer stk--no-padding stk-block stk-e2a2e99\" data-block-id=\"e2a2e99\"><style>.stk-e2a2e99{height:120px !important}@media screen and (max-width:1023px){.stk-e2a2e99{height:80px !important}}<\/style><\/div>\n","protected":false},"excerpt":{"rendered":"<p>Biographie LOVERA Derri\u00e8re LOVERA, il y a Johanne Lovera, une Montoise \u00e9clectique, autodidacte et touche-\u00e0-tout. C\u2019est dans les marges de ses cahiers d\u2019\u00e9coli\u00e8re que son parcours artistique d\u00e9marre, on y retrouve d\u00e9j\u00e0 son go\u00fbt des cr\u00e9atures \u00e9tranges et na\u00efves. Tout d\u2019abord active dans le milieu musical, ce n\u2019est que tardivement que le dessin et la peinture s\u2019imposeront \u00e0 elle. Le dessin est pour l\u2019artiste un moyen de se recentrer sur le moment pr\u00e9sent, de gu\u00e9rir ses blessures. Sans savoir o\u00f9 la plume l\u2019emm\u00e8nera, la dessinatrice voyage au gr\u00e9 des lignes, des courbes et des formes qui se dessinent sur le\u2026<\/p>\n","protected":false},"author":1,"featured_media":0,"parent":0,"menu_order":0,"comment_status":"closed","ping_status":"closed","template":"","meta":{"footnotes":""},"class_list":["post-4656","page","type-page","status-publish","hentry"],"blocksy_meta":{"styles_descriptor":{"styles":{"desktop":"","tablet":"","mobile":""},"google_fonts":[],"version":5},"page_title_panel":"","has_hero_section":"disabled","4a6c26e3489cfc452f0c7089ef3cf078":"","hero_section":"type-1","hero_elements":[{"id":"custom_title","enabled":true,"heading_tag":"h1","title":"Home"},{"id":"custom_description","enabled":true,"description_visibility":{"desktop":true,"tablet":true,"mobile":false}},{"id":"custom_meta","enabled":false,"meta_elements":[{"id":"author","enabled":true,"label":"By","has_author_avatar":"yes","avatar_size":25},{"id":"post_date","enabled":true,"label":"On","date_format_source":"default","date_format":"M j, Y"},{"id":"updated_date","enabled":false,"label":"On","date_format_source":"default","date_format":"M j, Y"},{"id":"categories","enabled":false,"label":"In","style":"simple"},{"id":"comments","enabled":true}],"page_meta_elements":{"joined":true,"articles_count":true,"comments":true}},{"id":"breadcrumbs","enabled":false}],"fe562f922a7890432068950dda17c488":"","hero_alignment1":"CT_CSS_SKIP_RULE","hero_margin":40,"hero_alignment2":"center","hero_vertical_alignment":"center","21ff91474bdbf7e3262b971e98d91af2":"","hero_structure":"narrow","efbca305c45ecabd3d17e2c3bd7c910d":"","page_title_bg_type":"featured_image","custom_hero_background":{"attachment_id":null},"page_title_image_size":"full","parallax":{"desktop":false,"tablet":false,"mobile":false},"5ba28e80c5f05ca70537edad0eefaf73":"","hero_height":"250px","pageTitleFont":{"family":"Default","variation":"Default","size":"30px","line-height":"CT_CSS_SKIP_RULE","letter-spacing":"CT_CSS_SKIP_RULE","text-transform":"CT_CSS_SKIP_RULE","text-decoration":"CT_CSS_SKIP_RULE"},"pageTitleFontColor":{"default":{"color":"CT_CSS_SKIP_RULEDEFAULT"}},"pageMetaFont":{"family":"Default","variation":"n6","size":"12px","line-height":"1.3","letter-spacing":"CT_CSS_SKIP_RULE","text-transform":"uppercase","text-decoration":"CT_CSS_SKIP_RULE"},"pageMetaFontColor":{"default":{"color":"CT_CSS_SKIP_RULEDEFAULT"},"hover":{"color":"CT_CSS_SKIP_RULEDEFAULT"}},"page_meta_button_type_font_colors":{"default":{"color":"CT_CSS_SKIP_RULEDEFAULT"},"hover":{"color":"CT_CSS_SKIP_RULEDEFAULT"}},"page_meta_button_type_background_colors":{"default":{"color":"CT_CSS_SKIP_RULEDEFAULT"},"hover":{"color":"CT_CSS_SKIP_RULEDEFAULT"}},"pageExcerptFont":{"family":"Default","variation":"Default","size":"CT_CSS_SKIP_RULE","line-height":"CT_CSS_SKIP_RULE","letter-spacing":"CT_CSS_SKIP_RULE","text-transform":"CT_CSS_SKIP_RULE","text-decoration":"CT_CSS_SKIP_RULE"},"pageExcerptColor":{"default":{"color":"CT_CSS_SKIP_RULEDEFAULT"}},"breadcrumbsFont":{"family":"Default","variation":"Default","size":"CT_CSS_SKIP_RULE","line-height":"CT_CSS_SKIP_RULE","letter-spacing":"CT_CSS_SKIP_RULE","text-transform":"CT_CSS_SKIP_RULE","text-decoration":"CT_CSS_SKIP_RULE"},"breadcrumbsFontColor":{"default":{"color":"CT_CSS_SKIP_RULEDEFAULT"},"initial":{"color":"CT_CSS_SKIP_RULEDEFAULT"},"hover":{"color":"CT_CSS_SKIP_RULEDEFAULT"}},"pageTitleOverlay":{"background_type":"color","background_pattern":"type-1","background_image":{"attachment_id":null,"x":0,"y":0},"gradient":"linear-gradient(135deg,rgba(6,147,227,1) 0%,rgb(155,81,224) 100%)","background_repeat":"repeat","background_size":"auto","background_attachment":"scroll","patternColor":{"default":{"color":"#e5e7ea"}},"overlayColor":{"default":{"color":"CT_CSS_SKIP_RULE"}},"backgroundColor":{"default":{"color":"CT_CSS_SKIP_RULE"}}},"pageTitleBackground":{"background_type":"color","background_pattern":"type-1","background_image":{"attachment_id":null,"x":0,"y":0},"gradient":"linear-gradient(135deg,rgba(6,147,227,1) 0%,rgb(155,81,224) 100%)","background_repeat":"repeat","background_size":"auto","background_attachment":"scroll","patternColor":{"default":{"color":"#e5e7ea"}},"overlayColor":{"default":{"color":"CT_CSS_SKIP_RULE"}},"backgroundColor":{"default":{"color":"var(--paletteColor6)"}}},"pageTitlePadding":{"top":"50px","bottom":"50px","left":"auto","right":"auto","linked":true},"a271f1d3e5a6bce1f48f7d72e3fe62cd":"","page_structure_type":"default","ac8f391930b733f81c8c2034fe54f4c4":"","content_style_source":"inherit","content_style":"wide","vertical_spacing_source":"custom","content_area_spacing":"none","background":{"background_type":"color","background_pattern":"type-1","background_image":{"attachment_id":null,"x":0,"y":0},"gradient":"linear-gradient(135deg,rgba(6,147,227,1) 0%,rgb(155,81,224) 100%)","background_repeat":"repeat","background_size":"auto","background_attachment":"scroll","patternColor":{"default":{"color":"#e5e7ea"}},"overlayColor":{"default":{"color":"CT_CSS_SKIP_RULE"}},"backgroundColor":{"default":{"color":"CT_CSS_SKIP_RULE"}}},"content_background":{"background_type":"color","background_pattern":"type-1","background_image":{"attachment_id":null,"x":0,"y":0},"gradient":"linear-gradient(135deg,rgba(6,147,227,1) 0%,rgb(155,81,224) 100%)","background_repeat":"repeat","background_size":"auto","background_attachment":"scroll","patternColor":{"default":{"color":"#e5e7ea"}},"overlayColor":{"default":{"color":"CT_CSS_SKIP_RULE"}},"backgroundColor":{"default":{"color":"var(--paletteColor8)"}}},"content_boxed_shadow":{"inherit":false,"blur":18,"spread":-6,"v_offset":12,"h_offset":0,"inset":false,"enable":true,"color":{"color":"rgba(34, 56, 101, 0.04)"}},"boxed_content_spacing":{"desktop":{"top":"40px","bottom":"40px","left":"40px","right":"40px","linked":true},"tablet":{"top":"35px","bottom":"35px","left":"35px","right":"35px","linked":true},"mobile":{"top":"20px","bottom":"20px","left":"20px","right":"20px","linked":true}},"content_boxed_radius":{"top":"3px","bottom":"3px","left":"3px","right":"3px","linked":true},"a38c1b35b8d2e65b9d89492d033c438a":"","disable_featured_image":"no","disable_share_box":"no","disable_header":"no","disable_footer":"no"},"featured_image_urls":{"full":"","thumbnail":"","medium":"","medium_large":"","large":"","1536x1536":"","2048x2048":""},"post_excerpt_stackable":"<p>Biographie LOVERA Derri\u00e8re LOVERA, il y a Johanne Lovera, une Montoise \u00e9clectique, autodidacte et touche-\u00e0-tout. C\u2019est dans les marges de ses cahiers d\u2019\u00e9coli\u00e8re que son parcours artistique d\u00e9marre, on y retrouve d\u00e9j\u00e0 son go\u00fbt des cr\u00e9atures \u00e9tranges et na\u00efves. Tout d\u2019abord active dans le milieu musical, ce n\u2019est que tardivement que le dessin et la peinture s\u2019imposeront \u00e0 elle. Le dessin est pour l\u2019artiste un moyen de se recentrer sur le moment pr\u00e9sent, de gu\u00e9rir ses blessures. Sans savoir o\u00f9 la plume l\u2019emm\u00e8nera, la dessinatrice voyage au gr\u00e9 des lignes, des courbes et des formes qui se dessinent sur le\u2026<\/p>\n","category_list":"","author_info":{"name":"admin6944","url":"http:\/\/www.lovera.be\/index.php\/author\/admin6944\/"},"comments_num":"0 commentaire","_links":{"self":[{"href":"http:\/\/www.lovera.be\/index.php\/wp-json\/wp\/v2\/pages\/4656","targetHints":{"allow":["GET"]}}],"collection":[{"href":"http:\/\/www.lovera.be\/index.php\/wp-json\/wp\/v2\/pages"}],"about":[{"href":"http:\/\/www.lovera.be\/index.php\/wp-json\/wp\/v2\/types\/page"}],"author":[{"embeddable":true,"href":"http:\/\/www.lovera.be\/index.php\/wp-json\/wp\/v2\/users\/1"}],"replies":[{"embeddable":true,"href":"http:\/\/www.lovera.be\/index.php\/wp-json\/wp\/v2\/comments?post=4656"}],"version-history":[{"count":5,"href":"http:\/\/www.lovera.be\/index.php\/wp-json\/wp\/v2\/pages\/4656\/revisions"}],"predecessor-version":[{"id":4843,"href":"http:\/\/www.lovera.be\/index.php\/wp-json\/wp\/v2\/pages\/4656\/revisions\/4843"}],"wp:attachment":[{"href":"http:\/\/www.lovera.be\/index.php\/wp-json\/wp\/v2\/media?parent=4656"}],"curies":[{"name":"wp","href":"https:\/\/api.w.org\/{rel}","templated":true}]}}